{"id":239,"date":"2019-06-22T10:59:15","date_gmt":"2019-06-22T10:59:15","guid":{"rendered":"http:\/\/www.margaridacepeda.com\/2019\/?page_id=239"},"modified":"2021-05-11T14:17:45","modified_gmt":"2021-05-11T14:17:45","slug":"eventos","status":"publish","type":"page","link":"http:\/\/www.margaridacepeda.com\/2019\/eventos\/","title":{"rendered":"Eventos"},"content":{"rendered":"\t\t<div data-elementor-type=\"wp-post\" data-elementor-id=\"239\" class=\"elementor elementor-239\">\n\t\t\t\t\t\t<section class=\"elementor-section elementor-top-section elementor-element elementor-element-3e24d62 elementor-section-boxed elementor-section-height-default elementor-section-height-default\" data-id=\"3e24d62\" data-element_type=\"section\">\n\t\t\t\t\t\t<div class=\"elementor-container elementor-column-gap-default\">\n\t\t\t\t\t<div class=\"elementor-column elementor-col-100 elementor-top-column elementor-element elementor-element-bfbcd3a\" data-id=\"bfbcd3a\" data-element_type=\"column\">\n\t\t\t<div class=\"elementor-widget-wrap elementor-element-populated\">\n\t\t\t\t\t\t<div class=\"elementor-element elementor-element-6f6f69d elementor-widget elementor-widget-text-editor\" data-id=\"6f6f69d\" data-element_type=\"widget\" data-widget_type=\"text-editor.default\">\n\t\t\t\t<div class=\"elementor-widget-container\">\n\t\t\t\t\t\t\t\t\t<p><span style=\"color: inherit; font-family: inherit; font-size: 30px; text-align: center;\">Eventos<\/span><\/p><p><img fetchpriority=\"high\" decoding=\"async\" class=\"alignright wp-image-506\" title=\"Exposi\u00e7\u00e3o \" src=\"http:\/\/www.margaridacepeda.com\/2019\/wp-content\/uploads\/2021\/05\/expo-2021.jpg\" alt=\"Exposi\u00e7\u00e3o \" width=\"630\" height=\"365\" srcset=\"http:\/\/www.margaridacepeda.com\/2019\/wp-content\/uploads\/2021\/05\/expo-2021.jpg 1000w, http:\/\/www.margaridacepeda.com\/2019\/wp-content\/uploads\/2021\/05\/expo-2021-300x174.jpg 300w, http:\/\/www.margaridacepeda.com\/2019\/wp-content\/uploads\/2021\/05\/expo-2021-768x445.jpg 768w\" sizes=\"(max-width: 630px) 100vw, 630px\" \/>Exposi\u00e7\u00e3o: \u201c<strong>Apari\u00e7\u00f5es<\/strong>\u201d<\/p><p>A partir de 13 de Maio de 2021<br \/>Hor\u00e1rios:<\/p><ul><li style=\"list-style-type: none;\"><ul><li style=\"list-style-type: none;\"><ul><li>de Ter\u00e7a a Sexta das 14h00 \u00e0s 18h00<\/li><li>S\u00e1bados das 10h00 \u00e0s 13h00 e das 14h00 \u00e0s 18h00\u00a0<\/li><\/ul><\/li><\/ul><\/li><\/ul><p><b>Margarida Cepeda &#8211; Atelier Galerie<\/b><\/p><p>Av. Copr\u00edncep de Gaulle, n\u00ba 1 &#8211; local 2<\/p><p>AD700 Escaldes-Engordany<\/p><p>Principat d&#8217;Andorra<\/p><p>\u00a0<\/p><p>\u00a0<\/p><p><b>Obras na exposi\u00e7\u00e3o:<\/b><\/p>\t\t\t\t\t\t\t\t<\/div>\n\t\t\t\t<\/div>\n\t\t\t\t\t<\/div>\n\t\t<\/div>\n\t\t\t\t\t<\/div>\n\t\t<\/section>\n\t\t\t\t<section class=\"elementor-section elementor-top-section elementor-element elementor-element-0642bee elementor-section-boxed elementor-section-height-default elementor-section-height-default\" data-id=\"0642bee\" data-element_type=\"section\">\n\t\t\t\t\t\t<div class=\"elementor-container elementor-column-gap-default\">\n\t\t\t\t\t<div class=\"elementor-column elementor-col-100 elementor-top-column elementor-element elementor-element-a0d75d3\" data-id=\"a0d75d3\" data-element_type=\"column\">\n\t\t\t<div class=\"elementor-widget-wrap elementor-element-populated\">\n\t\t\t\t\t\t<div class=\"elementor-element elementor-element-e7163a8 gallery-spacing-custom elementor-widget elementor-widget-image-gallery\" data-id=\"e7163a8\" data-element_type=\"widget\" data-widget_type=\"image-gallery.default\">\n\t\t\t\t<div class=\"elementor-widget-container\">\n\t\t\t\t\t\t\t<div class=\"elementor-image-gallery\">\n\t\t\t\n\t\t<style type=\"text\/css\">\n\t\t\t#gallery-1 {\n\t\t\t\tmargin: auto;\n\t\t\t}\n\t\t\t#gallery-1 .gallery-item {\n\t\t\t\tfloat: left;\n\t\t\t\tmargin-top: 10px;\n\t\t\t\ttext-align: center;\n\t\t\t\twidth: 33%;\n\t\t\t}\n\t\t\t#gallery-1 img {\n\t\t\t\tborder: 2px solid #cfcfcf;\n\t\t\t}\n\t\t\t#gallery-1 .gallery-caption {\n\t\t\t\tmargin-left: 0;\n\t\t\t}\n\t\t\t\/* see gallery_shortcode() in wp-includes\/media.php *\/\n\t\t<\/style>\n\t\t<div id='gallery-1' class='gallery galleryid-239 gallery-columns-3 gallery-size-thumbnail'><dl class='gallery-item'>\n\t\t\t<dt class='gallery-icon portrait'>\n\t\t\t\t<img decoding=\"async\" width=\"150\" height=\"150\" src=\"http:\/\/www.margaridacepeda.com\/2019\/wp-content\/uploads\/2019\/06\/A-LUZ-do-LABIRINTO-IMG_1434-Editar-150x150.jpeg\" class=\"attachment-thumbnail size-thumbnail\" alt=\"\" aria-describedby=\"gallery-1-499\" srcset=\"http:\/\/www.margaridacepeda.com\/2019\/wp-content\/uploads\/2019\/06\/A-LUZ-do-LABIRINTO-IMG_1434-Editar-150x150.jpeg 150w, http:\/\/www.margaridacepeda.com\/2019\/wp-content\/uploads\/2019\/06\/A-LUZ-do-LABIRINTO-IMG_1434-Editar-300x300.jpeg 300w\" sizes=\"(max-width: 150px) 100vw, 150px\" \/>\n\t\t\t<\/dt>\n\t\t\t\t<dd class='wp-caption-text gallery-caption' id='gallery-1-499'>\n\t\t\t\tA LUZ DO LABIRINTO &#8211; O labirinto \u00e9 o plano de uma peregrina\u00e7\u00e3o da periferia para o centro. Da escurid\u00e3o para a luz. A consci\u00eancia da exist\u00eancia de um centro, a consci\u00eancia da exist\u00eancia dessa luz, \u00e9 a nossa guia nessa caminhada. Quando o labirinto aparece, a nossa consci\u00eancia acorda e come\u00e7a a guiar-nos. A apari\u00e7\u00e3o \u00e9 o labirinto.\n\t\t\t\t<\/dd><\/dl><dl class='gallery-item'>\n\t\t\t<dt class='gallery-icon portrait'>\n\t\t\t\t<img decoding=\"async\" width=\"150\" height=\"150\" src=\"http:\/\/www.margaridacepeda.com\/2019\/wp-content\/uploads\/2019\/06\/A-PEROLA-IMG_1437-Editar-150x150.jpeg\" class=\"attachment-thumbnail size-thumbnail\" alt=\"\" aria-describedby=\"gallery-1-500\" srcset=\"http:\/\/www.margaridacepeda.com\/2019\/wp-content\/uploads\/2019\/06\/A-PEROLA-IMG_1437-Editar-150x150.jpeg 150w, http:\/\/www.margaridacepeda.com\/2019\/wp-content\/uploads\/2019\/06\/A-PEROLA-IMG_1437-Editar-300x300.jpeg 300w\" sizes=\"(max-width: 150px) 100vw, 150px\" \/>\n\t\t\t<\/dt>\n\t\t\t\t<dd class='wp-caption-text gallery-caption' id='gallery-1-500'>\n\t\t\t\tA P\u00c9ROLA &#8211; Rodeada e protegida por rochas \u00e1speras, pesadas e muito texturadas, a p\u00e9rola \u00e9 uma fonte de suavidade, luz e beleza. Ela est\u00e1 em contraste total com a \u201cconcha\u201d de rocha e \u00e1gua que a rodeia. O nosso foco tende a centrar-se nela, fazendo passar para um segundo plano as dificuldades e sombras que nos envolvem. No meio da mat\u00e9ria mais densa, a dimens\u00e3o espiritual sustenta-nos. A apari\u00e7\u00e3o \u00e9 a p\u00e9rola.\n\t\t\t\t<\/dd><\/dl><dl class='gallery-item'>\n\t\t\t<dt class='gallery-icon portrait'>\n\t\t\t\t<img loading=\"lazy\" decoding=\"async\" width=\"150\" height=\"150\" src=\"http:\/\/www.margaridacepeda.com\/2019\/wp-content\/uploads\/2019\/06\/ESPERANCA-IMG_1448-Editar-150x150.jpeg\" class=\"attachment-thumbnail size-thumbnail\" alt=\"\" aria-describedby=\"gallery-1-501\" srcset=\"http:\/\/www.margaridacepeda.com\/2019\/wp-content\/uploads\/2019\/06\/ESPERANCA-IMG_1448-Editar-150x150.jpeg 150w, http:\/\/www.margaridacepeda.com\/2019\/wp-content\/uploads\/2019\/06\/ESPERANCA-IMG_1448-Editar-300x300.jpeg 300w\" sizes=\"(max-width: 150px) 100vw, 150px\" \/>\n\t\t\t<\/dt>\n\t\t\t\t<dd class='wp-caption-text gallery-caption' id='gallery-1-501'>\n\t\t\t\tESPERAN\u00c7A &#8211; Num ambiente escuro, mineral e pontiagudo, um ser-humano tenta manter acesa uma vela, fonte de vida luz e calor. Quando tudo \u00e0 nossa volta se torna duro, escuro e est\u00e9ril, a vela acesa \u00e9 a nossa \u00fanica esperan\u00e7a. Devemos, por isso, cuid\u00e1-la, proteg\u00ea-la e mant\u00ea-la para n\u00e3o a perdermos, perdendo-nos com ela. A apari\u00e7\u00e3o \u00e9 a Luz.\n\t\t\t\t<\/dd><\/dl><br style=\"clear: both\" \/><dl class='gallery-item'>\n\t\t\t<dt class='gallery-icon landscape'>\n\t\t\t\t<img loading=\"lazy\" decoding=\"async\" width=\"150\" height=\"150\" src=\"http:\/\/www.margaridacepeda.com\/2019\/wp-content\/uploads\/2019\/06\/ESTAVAMOS-a-tua-ESPERA-IMG_1442-Editar-150x150.jpeg\" class=\"attachment-thumbnail size-thumbnail\" alt=\"\" aria-describedby=\"gallery-1-502\" srcset=\"http:\/\/www.margaridacepeda.com\/2019\/wp-content\/uploads\/2019\/06\/ESTAVAMOS-a-tua-ESPERA-IMG_1442-Editar-150x150.jpeg 150w, http:\/\/www.margaridacepeda.com\/2019\/wp-content\/uploads\/2019\/06\/ESTAVAMOS-a-tua-ESPERA-IMG_1442-Editar-300x300.jpeg 300w, http:\/\/www.margaridacepeda.com\/2019\/wp-content\/uploads\/2019\/06\/ESTAVAMOS-a-tua-ESPERA-IMG_1442-Editar-1024x1024.jpeg 1024w, http:\/\/www.margaridacepeda.com\/2019\/wp-content\/uploads\/2019\/06\/ESTAVAMOS-a-tua-ESPERA-IMG_1442-Editar-768x767.jpeg 768w, http:\/\/www.margaridacepeda.com\/2019\/wp-content\/uploads\/2019\/06\/ESTAVAMOS-a-tua-ESPERA-IMG_1442-Editar.jpeg 1447w\" sizes=\"(max-width: 150px) 100vw, 150px\" \/>\n\t\t\t<\/dt>\n\t\t\t\t<dd class='wp-caption-text gallery-caption' id='gallery-1-502'>\n\t\t\t\tEST\u00c1VAMOS \u00c0 TUA ESPERA &#8211; Uma crian\u00e7a caminha&#8230; \u00e0 sua volta o ambiente \u00e9 escuro e medonho. Com uma vela acesa na m\u00e3o, ela avan\u00e7a at\u00e9 encontrar uma porta entre os rochedos. Sabe que, finalmente, chegou e ouve: &#8211; Est\u00e1vamos \u00e0 tua espera! A crian\u00e7a sabe agora que n\u00e3o \u00e9 por acaso que ali chegou. A apari\u00e7\u00e3o \u00e9 a porta.\n\t\t\t\t<\/dd><\/dl><dl class='gallery-item'>\n\t\t\t<dt class='gallery-icon portrait'>\n\t\t\t\t<img loading=\"lazy\" decoding=\"async\" width=\"150\" height=\"150\" src=\"http:\/\/www.margaridacepeda.com\/2019\/wp-content\/uploads\/2019\/06\/MARE-de-DEU-de-MERITXELL.-IMG_1427-Editar-1-150x150.jpeg\" class=\"attachment-thumbnail size-thumbnail\" alt=\"\" aria-describedby=\"gallery-1-503\" srcset=\"http:\/\/www.margaridacepeda.com\/2019\/wp-content\/uploads\/2019\/06\/MARE-de-DEU-de-MERITXELL.-IMG_1427-Editar-1-150x150.jpeg 150w, http:\/\/www.margaridacepeda.com\/2019\/wp-content\/uploads\/2019\/06\/MARE-de-DEU-de-MERITXELL.-IMG_1427-Editar-1-300x300.jpeg 300w\" sizes=\"(max-width: 150px) 100vw, 150px\" \/>\n\t\t\t<\/dt>\n\t\t\t\t<dd class='wp-caption-text gallery-caption' id='gallery-1-503'>\n\t\t\t\tMARE DE D\u00c9U DE MERITXELL &#8211; Conta a lenda que, num m\u00eas de Janeiro do s\u00e9c. XII, uns camponeses, passando por um arbusto de roseira selvagem (gavernera), este se encontrava todo florido. Movidos pela curiosidade do fen\u00f3meno, aproximaram-se e aperceberam-se que uma imagem de Nossa Senhora estava no centro dessa roseira. Perceberam que era por essa raz\u00e3o que a roseira estava toda florida. Nossa Senhora de Meritxell est\u00e1 tamb\u00e9m muito associada \u00e0 luz do meio-dia (Meritxell). A apari\u00e7\u00e3o \u00e9 a M\u00e3e de Deus de Meritxell.\n\t\t\t\t<\/dd><\/dl><dl class='gallery-item'>\n\t\t\t<dt class='gallery-icon portrait'>\n\t\t\t\t<img loading=\"lazy\" decoding=\"async\" width=\"150\" height=\"150\" src=\"http:\/\/www.margaridacepeda.com\/2019\/wp-content\/uploads\/2019\/06\/O-MENINO-JESUS-de-MERITXELL-20210329_150855-150x150.jpeg\" class=\"attachment-thumbnail size-thumbnail\" alt=\"\" aria-describedby=\"gallery-1-504\" srcset=\"http:\/\/www.margaridacepeda.com\/2019\/wp-content\/uploads\/2019\/06\/O-MENINO-JESUS-de-MERITXELL-20210329_150855-150x150.jpeg 150w, http:\/\/www.margaridacepeda.com\/2019\/wp-content\/uploads\/2019\/06\/O-MENINO-JESUS-de-MERITXELL-20210329_150855-300x300.jpeg 300w\" sizes=\"(max-width: 150px) 100vw, 150px\" \/>\n\t\t\t<\/dt>\n\t\t\t\t<dd class='wp-caption-text gallery-caption' id='gallery-1-504'>\n\t\t\t\tO MENINO JESUS DE MERITXELL &#8211; Para o povo andorrano, o Menino Jesus que est\u00e1 ao colo se sua M\u00e3e, aparenta ter uns sete a oito anos. Achei este facto bastante interessante na medida em que \u00e9 muito invulgar representar-se Jesus com essa idade. Como a presen\u00e7a de uma crian\u00e7a de sete a oito anos no colo de sua m\u00e3e a cobriria e n\u00e3o seria muito harmoniosa, decidi substituir o colo de sua m\u00e3e pela natureza de Andorra: os seus rochedos, rios e \u00e1rvores. Neste contexto, a apari\u00e7\u00e3o \u00e9 o Menino Jesus.\n\t\t\t\t<\/dd><\/dl><br style=\"clear: both\" \/><dl class='gallery-item'>\n\t\t\t<dt class='gallery-icon portrait'>\n\t\t\t\t<img loading=\"lazy\" decoding=\"async\" width=\"150\" height=\"150\" src=\"http:\/\/www.margaridacepeda.com\/2019\/wp-content\/uploads\/2020\/05\/Ref\u00fagio-II-150x150.jpeg\" class=\"attachment-thumbnail size-thumbnail\" alt=\"\" aria-describedby=\"gallery-1-490\" srcset=\"http:\/\/www.margaridacepeda.com\/2019\/wp-content\/uploads\/2020\/05\/Ref\u00fagio-II-150x150.jpeg 150w, http:\/\/www.margaridacepeda.com\/2019\/wp-content\/uploads\/2020\/05\/Ref\u00fagio-II-300x300.jpeg 300w\" sizes=\"(max-width: 150px) 100vw, 150px\" \/>\n\t\t\t<\/dt>\n\t\t\t\t<dd class='wp-caption-text gallery-caption' id='gallery-1-490'>\n\t\t\t\tREF\u00daGIO II\nEste b\u00fazio, de rara beleza e delicadeza, lembra uma pequena torre \u00e0 qual subimos para termos um momento connosco, a s\u00f3s. S\u00e3o momentos de calma, introspe\u00e7\u00e3o e observa\u00e7\u00e3o de que se passa, dentro de n\u00f3s e \u00e0 nossa volta. Os espinhos simbolizam algo de dif\u00edcil e contundente, no entanto, todo o ambiente e luminosidade transmitem paz e confian\u00e7a.\n\t\t\t\t<\/dd><\/dl><dl class='gallery-item'>\n\t\t\t<dt class='gallery-icon portrait'>\n\t\t\t\t<img loading=\"lazy\" decoding=\"async\" width=\"150\" height=\"150\" src=\"http:\/\/www.margaridacepeda.com\/2019\/wp-content\/uploads\/2020\/05\/Ela-o-violoncelo-e-as-vagas-150x150.jpeg\" class=\"attachment-thumbnail size-thumbnail\" alt=\"\" aria-describedby=\"gallery-1-482\" srcset=\"http:\/\/www.margaridacepeda.com\/2019\/wp-content\/uploads\/2020\/05\/Ela-o-violoncelo-e-as-vagas-150x150.jpeg 150w, http:\/\/www.margaridacepeda.com\/2019\/wp-content\/uploads\/2020\/05\/Ela-o-violoncelo-e-as-vagas-300x300.jpeg 300w\" sizes=\"(max-width: 150px) 100vw, 150px\" \/>\n\t\t\t<\/dt>\n\t\t\t\t<dd class='wp-caption-text gallery-caption' id='gallery-1-482'>\n\t\t\t\tELA, O VIOLONCELO E AS VAGAS\nQuando o mar que nos rodeia est\u00e1 revolto, podemos sempre manter a serenidade e a confian\u00e7a. A figura humana agarra-se ao violoncelo para as obter. O violoncelo \u00e9, aqui, uma presen\u00e7a espiritual e corp\u00f3rea, fonte de m\u00fasica, energia e vibra\u00e7\u00e3o que nos ajuda a mantermo-nos contra ventos e tempestades. A apari\u00e7\u00e3o \u00e9 o violoncelo.\n\t\t\t\t<\/dd><\/dl><dl class='gallery-item'>\n\t\t\t<dt class='gallery-icon portrait'>\n\t\t\t\t<img loading=\"lazy\" decoding=\"async\" width=\"150\" height=\"150\" src=\"http:\/\/www.margaridacepeda.com\/2019\/wp-content\/uploads\/2021\/05\/20210506_170701-150x150.jpeg\" class=\"attachment-thumbnail size-thumbnail\" alt=\"\" aria-describedby=\"gallery-1-583\" srcset=\"http:\/\/www.margaridacepeda.com\/2019\/wp-content\/uploads\/2021\/05\/20210506_170701-150x150.jpeg 150w, http:\/\/www.margaridacepeda.com\/2019\/wp-content\/uploads\/2021\/05\/20210506_170701-300x300.jpeg 300w\" sizes=\"(max-width: 150px) 100vw, 150px\" \/>\n\t\t\t<\/dt>\n\t\t\t\t<dd class='wp-caption-text gallery-caption' id='gallery-1-583'>\n\t\t\t\tASCENS\u00c3O II\n\t\t\t\t<\/dd><\/dl><br style=\"clear: both\" \/><dl class='gallery-item'>\n\t\t\t<dt class='gallery-icon portrait'>\n\t\t\t\t<img loading=\"lazy\" decoding=\"async\" width=\"150\" height=\"150\" src=\"http:\/\/www.margaridacepeda.com\/2019\/wp-content\/uploads\/2019\/06\/TOCANDO-per-o-ABISMO-20200529_102050-150x150.jpeg\" class=\"attachment-thumbnail size-thumbnail\" alt=\"\" aria-describedby=\"gallery-1-505\" srcset=\"http:\/\/www.margaridacepeda.com\/2019\/wp-content\/uploads\/2019\/06\/TOCANDO-per-o-ABISMO-20200529_102050-150x150.jpeg 150w, http:\/\/www.margaridacepeda.com\/2019\/wp-content\/uploads\/2019\/06\/TOCANDO-per-o-ABISMO-20200529_102050-300x300.jpeg 300w\" sizes=\"(max-width: 150px) 100vw, 150px\" \/>\n\t\t\t<\/dt>\n\t\t\t\t<dd class='wp-caption-text gallery-caption' id='gallery-1-505'>\n\t\t\t\tTOCANDO PARA O ABISMO &#8211; O fundo de um abismo \u00e9 sempre um local sombrio, de dif\u00edcil acesso, inc\u00f3gnito e misterioso. A figura humana, que toca no cimo do abismo, leva a esse lugar escuro, a energia, o som e a m\u00fasica. Onde a luz n\u00e3o chega, chega o som. Ela envia, sob a forma de m\u00fasica, a luz do alto. A apari\u00e7\u00e3o \u00e9 a m\u00fasica.\n\t\t\t\t<\/dd><\/dl>\n\t\t\t<br style='clear: both' \/>\n\t\t<\/div>\n\t\t<\/div>\n\t\t\t\t\t\t<\/div>\n\t\t\t\t<\/div>\n\t\t\t\t\t<\/div>\n\t\t<\/div>\n\t\t\t\t\t<\/div>\n\t\t<\/section>\n\t\t\t\t<section class=\"elementor-section elementor-top-section elementor-element elementor-element-39b35d2 elementor-section-boxed elementor-section-height-default elementor-section-height-default\" data-id=\"39b35d2\" data-element_type=\"section\">\n\t\t\t\t\t\t<div class=\"elementor-container elementor-column-gap-default\">\n\t\t\t\t\t<div class=\"elementor-column elementor-col-50 elementor-top-column elementor-element elementor-element-fc03401\" data-id=\"fc03401\" data-element_type=\"column\">\n\t\t\t<div class=\"elementor-widget-wrap elementor-element-populated\">\n\t\t\t\t\t\t<div class=\"elementor-element elementor-element-d6a67ab elementor-widget elementor-widget-image\" data-id=\"d6a67ab\" data-element_type=\"widget\" data-widget_type=\"image.default\">\n\t\t\t\t<div class=\"elementor-widget-container\">\n\t\t\t\t\t\t\t\t\t\t\t\t\t\t\t<img loading=\"lazy\" decoding=\"async\" width=\"489\" height=\"1024\" src=\"http:\/\/www.margaridacepeda.com\/2019\/wp-content\/uploads\/2021\/05\/Invitac\u0327a\u0303o-frente-489x1024.jpeg\" class=\"attachment-large size-large wp-image-541\" alt=\"\" srcset=\"http:\/\/www.margaridacepeda.com\/2019\/wp-content\/uploads\/2021\/05\/Invitac\u0327a\u0303o-frente-489x1024.jpeg 489w, http:\/\/www.margaridacepeda.com\/2019\/wp-content\/uploads\/2021\/05\/Invitac\u0327a\u0303o-frente-143x300.jpeg 143w, http:\/\/www.margaridacepeda.com\/2019\/wp-content\/uploads\/2021\/05\/Invitac\u0327a\u0303o-frente.jpeg 591w\" sizes=\"(max-width: 489px) 100vw, 489px\" \/>\t\t\t\t\t\t\t\t\t\t\t\t\t\t\t<\/div>\n\t\t\t\t<\/div>\n\t\t\t\t\t<\/div>\n\t\t<\/div>\n\t\t\t\t<div class=\"elementor-column elementor-col-50 elementor-top-column elementor-element elementor-element-755fd76\" data-id=\"755fd76\" data-element_type=\"column\">\n\t\t\t<div class=\"elementor-widget-wrap elementor-element-populated\">\n\t\t\t\t\t\t<div class=\"elementor-element elementor-element-46a83e9 elementor-widget elementor-widget-image\" data-id=\"46a83e9\" data-element_type=\"widget\" data-widget_type=\"image.default\">\n\t\t\t\t<div class=\"elementor-widget-container\">\n\t\t\t\t\t\t\t\t\t\t\t\t\t\t\t<img loading=\"lazy\" decoding=\"async\" width=\"490\" height=\"1024\" src=\"http:\/\/www.margaridacepeda.com\/2019\/wp-content\/uploads\/2021\/05\/Invitac\u0327a\u0303o-verso-490x1024.jpeg\" class=\"attachment-large size-large wp-image-542\" alt=\"\" srcset=\"http:\/\/www.margaridacepeda.com\/2019\/wp-content\/uploads\/2021\/05\/Invitac\u0327a\u0303o-verso-490x1024.jpeg 490w, http:\/\/www.margaridacepeda.com\/2019\/wp-content\/uploads\/2021\/05\/Invitac\u0327a\u0303o-verso-143x300.jpeg 143w, http:\/\/www.margaridacepeda.com\/2019\/wp-content\/uploads\/2021\/05\/Invitac\u0327a\u0303o-verso.jpeg 593w\" sizes=\"(max-width: 490px) 100vw, 490px\" \/>\t\t\t\t\t\t\t\t\t\t\t\t\t\t\t<\/div>\n\t\t\t\t<\/div>\n\t\t\t\t\t<\/div>\n\t\t<\/div>\n\t\t\t\t\t<\/div>\n\t\t<\/section>\n\t\t\t\t<\/div>\n\t\t","protected":false},"excerpt":{"rendered":"<p>Eventos Exposi\u00e7\u00e3o: \u201cApari\u00e7\u00f5es\u201d A partir de 13 de Maio de 2021Hor\u00e1rios: de Ter\u00e7a a Sexta das 14h00 \u00e0s 18h00 S\u00e1bados das 10h00 \u00e0s 13h00 e das 14h00 \u00e0s 18h00\u00a0 Margarida Cepeda &#8211; Atelier Galerie Av. Copr\u00edncep de Gaulle, n\u00ba 1 &#8211; local 2 AD700 Escaldes-Engordany Principat d&#8217;Andorra \u00a0 \u00a0 Obras na exposi\u00e7\u00e3o: A LUZ DO [&hellip;]<\/p>\n","protected":false},"author":1,"featured_media":0,"parent":0,"menu_order":0,"comment_status":"closed","ping_status":"closed","template":"template-parts\/template-homepage.php","meta":{"om_disable_all_campaigns":false,"_monsterinsights_skip_tracking":false,"_monsterinsights_sitenote_active":false,"_monsterinsights_sitenote_note":"","_monsterinsights_sitenote_category":0,"_uf_show_specific_survey":0,"_uf_disable_surveys":false,"footnotes":""},"class_list":["post-239","page","type-page","status-publish","hentry"],"aioseo_notices":[],"_links":{"self":[{"href":"http:\/\/www.margaridacepeda.com\/2019\/wp-json\/wp\/v2\/pages\/239","targetHints":{"allow":["GET"]}}],"collection":[{"href":"http:\/\/www.margaridacepeda.com\/2019\/wp-json\/wp\/v2\/pages"}],"about":[{"href":"http:\/\/www.margaridacepeda.com\/2019\/wp-json\/wp\/v2\/types\/page"}],"author":[{"embeddable":true,"href":"http:\/\/www.margaridacepeda.com\/2019\/wp-json\/wp\/v2\/users\/1"}],"replies":[{"embeddable":true,"href":"http:\/\/www.margaridacepeda.com\/2019\/wp-json\/wp\/v2\/comments?post=239"}],"version-history":[{"count":41,"href":"http:\/\/www.margaridacepeda.com\/2019\/wp-json\/wp\/v2\/pages\/239\/revisions"}],"predecessor-version":[{"id":586,"href":"http:\/\/www.margaridacepeda.com\/2019\/wp-json\/wp\/v2\/pages\/239\/revisions\/586"}],"wp:attachment":[{"href":"http:\/\/www.margaridacepeda.com\/2019\/wp-json\/wp\/v2\/media?parent=239"}],"curies":[{"name":"wp","href":"https:\/\/api.w.org\/{rel}","templated":true}]}}