{"id":41,"date":"2019-06-20T14:09:17","date_gmt":"2019-06-20T14:09:17","guid":{"rendered":"http:\/\/www.margaridacepeda.com\/2019\/?page_id=41"},"modified":"2025-06-04T12:38:42","modified_gmt":"2025-06-04T12:38:42","slug":"contacto","status":"publish","type":"page","link":"http:\/\/www.margaridacepeda.com\/2019\/contacto\/","title":{"rendered":"Contacto"},"content":{"rendered":"\t\t<div data-elementor-type=\"wp-post\" data-elementor-id=\"41\" class=\"elementor elementor-41\">\n\t\t\t\t\t\t<section class=\"elementor-section elementor-top-section elementor-element elementor-element-2c84890 elementor-section-boxed elementor-section-height-default elementor-section-height-default\" data-id=\"2c84890\" data-element_type=\"section\">\n\t\t\t\t\t\t<div class=\"elementor-container elementor-column-gap-default\">\n\t\t\t\t\t<div class=\"elementor-column elementor-col-100 elementor-top-column elementor-element elementor-element-6f44e2c\" data-id=\"6f44e2c\" data-element_type=\"column\">\n\t\t\t<div class=\"elementor-widget-wrap elementor-element-populated\">\n\t\t\t\t\t\t<div class=\"elementor-element elementor-element-9f0fc3b elementor-widget elementor-widget-text-editor\" data-id=\"9f0fc3b\" data-element_type=\"widget\" data-widget_type=\"text-editor.default\">\n\t\t\t\t<div class=\"elementor-widget-container\">\n\t\t\t\t\t\t\t\t\t<h2 style=\"text-align: center;\">Contactos<\/h2>\t\t\t\t\t\t\t\t<\/div>\n\t\t\t\t<\/div>\n\t\t\t\t\t<\/div>\n\t\t<\/div>\n\t\t\t\t\t<\/div>\n\t\t<\/section>\n\t\t\t\t<section class=\"elementor-section elementor-top-section elementor-element elementor-element-6ce81bc elementor-section-boxed elementor-section-height-default elementor-section-height-default\" data-id=\"6ce81bc\" data-element_type=\"section\">\n\t\t\t\t\t\t<div class=\"elementor-container elementor-column-gap-default\">\n\t\t\t\t\t<div class=\"elementor-column elementor-col-50 elementor-top-column elementor-element elementor-element-f415b03\" data-id=\"f415b03\" data-element_type=\"column\">\n\t\t\t<div class=\"elementor-widget-wrap elementor-element-populated\">\n\t\t\t\t\t\t<div class=\"elementor-element elementor-element-208272e elementor-widget elementor-widget-text-editor\" data-id=\"208272e\" data-element_type=\"widget\" data-widget_type=\"text-editor.default\">\n\t\t\t\t<div class=\"elementor-widget-container\">\n\t\t\t\t\t\t\t\t\t<div><div>Margarida Cepeda &#8211; Atelier Galerie<\/div><div>Av. Copr\u00edncep de Gaulle, n\u00ba 1 &#8211; local 2<\/div><div>AD700 Escaldes-Engordany<\/div><div>Principat d&#8217;Andorra<\/div><div>\u00a0<\/div><p>Poder\u00e1 contactar-me preenchendo o formul\u00e1rio abaixo disponibilizado. Se pretender, poder\u00e1 utilizar os seguintes meios alternativos:<\/p><\/div><ul><li>E-mail para:\u00a0<a href=\"mailto:margaridacepeda.ateliergalerie@gmail.com\">margaridacepeda.ateliergalerie@gmail.com<\/a><\/li><li>Telefone: + 376 609 204 (Andorra)<\/li><\/ul><p>Obrigada pela sua visita.<\/p><p><img decoding=\"async\" src=\"http:\/\/www.margaridacepeda.com\/2019\/wp-content\/uploads\/2019\/06\/assinat-2-MC.jpg\" alt=\"\" width=\"436\" height=\"84\" \/><\/p>\t\t\t\t\t\t\t\t<\/div>\n\t\t\t\t<\/div>\n\t\t\t\t\t<\/div>\n\t\t<\/div>\n\t\t\t\t<div class=\"elementor-column elementor-col-50 elementor-top-column elementor-element elementor-element-25b7c97\" data-id=\"25b7c97\" data-element_type=\"column\">\n\t\t\t<div class=\"elementor-widget-wrap elementor-element-populated\">\n\t\t\t\t\t\t<div class=\"elementor-element elementor-element-766f974 elementor-widget elementor-widget-google_maps\" data-id=\"766f974\" data-element_type=\"widget\" data-widget_type=\"google_maps.default\">\n\t\t\t\t<div class=\"elementor-widget-container\">\n\t\t\t\t\t\t\t<div class=\"elementor-custom-embed\">\n\t\t\t<iframe loading=\"lazy\"\n\t\t\t\t\tsrc=\"https:\/\/maps.google.com\/maps?q=Av.%20Copr%C3%ADncep%20de%20Gaulle%2C%20no%201%2C%20Les%20Escalades%2C%20Andorra&#038;t=m&#038;z=10&#038;output=embed&#038;iwloc=near\"\n\t\t\t\t\ttitle=\"Av. Copr\u00edncep de Gaulle, no 1, Les Escalades, Andorra\"\n\t\t\t\t\taria-label=\"Av. Copr\u00edncep de Gaulle, no 1, Les Escalades, Andorra\"\n\t\t\t><\/iframe>\n\t\t<\/div>\n\t\t\t\t\t\t<\/div>\n\t\t\t\t<\/div>\n\t\t\t\t<div class=\"elementor-element elementor-element-f3465e3 elementor-widget elementor-widget-wp-widget-synved_social_follow\" data-id=\"f3465e3\" data-element_type=\"widget\" data-widget_type=\"wp-widget-synved_social_follow.default\">\n\t\t\t\t<div class=\"elementor-widget-container\">\n\t\t\t\t\t<div><a class=\"synved-social-button synved-social-button-follow synved-social-size-32 synved-social-resolution-single synved-social-provider-facebook nolightbox\" data-provider=\"facebook\" target=\"_blank\" rel=\"nofollow\" title=\"Follow us on Facebook\" href=\"https:\/\/www.facebook.com\/MargaridaCepedaAtelierGalerie\" style=\"font-size: 0px;width:32px;height:32px;margin:0;margin-bottom:20px;margin-right:20px\"><img decoding=\"async\" alt=\"Facebook\" title=\"Follow us on Facebook\" class=\"synved-share-image synved-social-image synved-social-image-follow\" width=\"32\" height=\"32\" style=\"display: inline;width:32px;height:32px;margin: 0;padding: 0;border: none;box-shadow: none\" src=\"http:\/\/www.margaridacepeda.com\/2019\/wp-content\/plugins\/social-media-feather\/synved-social\/image\/social\/regular\/64x64\/facebook.png\" \/><\/a><a class=\"synved-social-button synved-social-button-follow synved-social-size-32 synved-social-resolution-single synved-social-provider-instagram nolightbox\" data-provider=\"instagram\" target=\"_blank\" rel=\"nofollow\" title=\"Check out our instagram feed\" href=\"https:\/\/www.instagram.com\/MargaridaCepedaAtelier\/\" style=\"font-size: 0px;width:32px;height:32px;margin:0;margin-bottom:20px\"><img decoding=\"async\" alt=\"instagram\" title=\"Check out our instagram feed\" class=\"synved-share-image synved-social-image synved-social-image-follow\" width=\"32\" height=\"32\" style=\"display: inline;width:32px;height:32px;margin: 0;padding: 0;border: none;box-shadow: none\" src=\"http:\/\/www.margaridacepeda.com\/2019\/wp-content\/plugins\/social-media-feather\/synved-social\/image\/social\/regular\/64x64\/instagram.png\" \/><\/a><\/div>\t\t\t\t<\/div>\n\t\t\t\t<\/div>\n\t\t\t\t\t<\/div>\n\t\t<\/div>\n\t\t\t\t\t<\/div>\n\t\t<\/section>\n\t\t\t\t<section class=\"elementor-section elementor-top-section elementor-element elementor-element-38d94c9 elementor-section-boxed elementor-section-height-default elementor-section-height-default\" data-id=\"38d94c9\" data-element_type=\"section\">\n\t\t\t\t\t\t<div class=\"elementor-container elementor-column-gap-default\">\n\t\t\t\t\t<div class=\"elementor-column elementor-col-100 elementor-top-column elementor-element elementor-element-fbc162e\" data-id=\"fbc162e\" data-element_type=\"column\">\n\t\t\t<div class=\"elementor-widget-wrap elementor-element-populated\">\n\t\t\t\t\t\t<div class=\"elementor-element elementor-element-3bd180f elementor-widget elementor-widget-wpforms\" data-id=\"3bd180f\" data-element_type=\"widget\" data-widget_type=\"wpforms.default\">\n\t\t\t\t<div class=\"elementor-widget-container\">\n\t\t\t\t\t<div class=\"wpforms-container wpforms-container-full wpforms-render-modern\" id=\"wpforms-613\"><form id=\"wpforms-form-613\" class=\"wpforms-validate wpforms-form wpforms-ajax-form\" data-formid=\"613\" method=\"post\" enctype=\"multipart\/form-data\" action=\"\/2019\/wp-json\/wp\/v2\/pages\/41\" data-token=\"a50ff7e453a555f4cccadf63484223d7\" data-token-time=\"1776508939\"><noscript class=\"wpforms-error-noscript\">Please enable JavaScript in your browser to complete this form.<\/noscript><div class=\"wpforms-hidden\" id=\"wpforms-error-noscript\">Please enable JavaScript in your browser to complete this form.<\/div><div class=\"wpforms-field-container\"><div id=\"wpforms-613-field_1-container\" class=\"wpforms-field wpforms-field-name\" data-field-id=\"1\"><label class=\"wpforms-field-label\" for=\"wpforms-613-field_1\">Nome <span class=\"wpforms-required-label\" aria-hidden=\"true\">*<\/span><\/label><input type=\"text\" id=\"wpforms-613-field_1\" class=\"wpforms-field-medium wpforms-field-required\" name=\"wpforms[fields][1]\" aria-errormessage=\"wpforms-613-field_1-error\" required><\/div><div id=\"wpforms-613-field_2-container\" class=\"wpforms-field wpforms-field-email\" data-field-id=\"2\"><label class=\"wpforms-field-label\" for=\"wpforms-613-field_2\">Email <span class=\"wpforms-required-label\" aria-hidden=\"true\">*<\/span><\/label><input type=\"email\" id=\"wpforms-613-field_2\" class=\"wpforms-field-medium wpforms-field-required\" name=\"wpforms[fields][2]\" spellcheck=\"false\" aria-errormessage=\"wpforms-613-field_2-error\" required><\/div><div id=\"wpforms-613-field_3-container\" class=\"wpforms-field wpforms-field-textarea\" data-field-id=\"3\"><label class=\"wpforms-field-label\" for=\"wpforms-613-field_3\">Mensagem <span class=\"wpforms-required-label\" aria-hidden=\"true\">*<\/span><\/label><textarea id=\"wpforms-613-field_3\" class=\"wpforms-field-medium wpforms-field-required\" name=\"wpforms[fields][3]\" aria-errormessage=\"wpforms-613-field_3-error\" required><\/textarea><\/div><\/div><!-- .wpforms-field-container --><div class=\"wpforms-submit-container\" ><input type=\"hidden\" name=\"wpforms[id]\" value=\"613\"><input type=\"hidden\" name=\"page_title\" value=\"\"><input type=\"hidden\" name=\"page_url\" value=\"http:\/\/www.margaridacepeda.com\/2019\/wp-json\/wp\/v2\/pages\/41\"><input type=\"hidden\" name=\"url_referer\" value=\"\"><button type=\"submit\" name=\"wpforms[submit]\" id=\"wpforms-submit-613\" class=\"wpforms-submit\" data-alt-text=\"A enviar...\" data-submit-text=\"ENVIAR\" aria-live=\"assertive\" value=\"wpforms-submit\">ENVIAR<\/button><img loading=\"lazy\" decoding=\"async\" src=\"http:\/\/www.margaridacepeda.com\/2019\/wp-content\/plugins\/wpforms-lite\/assets\/images\/submit-spin.svg\" class=\"wpforms-submit-spinner\" style=\"display: none;\" width=\"26\" height=\"26\" alt=\"Loading\"><\/div><\/form><\/div>  <!-- .wpforms-container -->\t\t\t\t<\/div>\n\t\t\t\t<\/div>\n\t\t\t\t\t<\/div>\n\t\t<\/div>\n\t\t\t\t\t<\/div>\n\t\t<\/section>\n\t\t\t\t<\/div>\n\t\t","protected":false},"excerpt":{"rendered":"<p>Contactos Margarida Cepeda &#8211; Atelier GalerieAv. Copr\u00edncep de Gaulle, n\u00ba 1 &#8211; local 2AD700 Escaldes-EngordanyPrincipat d&#8217;Andorra\u00a0 Poder\u00e1 contactar-me preenchendo o formul\u00e1rio abaixo disponibilizado. Se pretender, poder\u00e1 utilizar os seguintes meios alternativos: E-mail para:\u00a0margaridacepeda.ateliergalerie@gmail.com Telefone: + 376 609 204 (Andorra) Obrigada pela sua visita. Please enable JavaScript in your browser to complete this form.Please enable JavaScript [&hellip;]<\/p>\n","protected":false},"author":1,"featured_media":0,"parent":0,"menu_order":0,"comment_status":"closed","ping_status":"closed","template":"template-parts\/template-homepage.php","meta":{"om_disable_all_campaigns":false,"_monsterinsights_skip_tracking":false,"_monsterinsights_sitenote_active":false,"_monsterinsights_sitenote_note":"","_monsterinsights_sitenote_category":0,"_uf_show_specific_survey":0,"_uf_disable_surveys":false,"footnotes":""},"class_list":["post-41","page","type-page","status-publish","hentry"],"aioseo_notices":[],"_links":{"self":[{"href":"http:\/\/www.margaridacepeda.com\/2019\/wp-json\/wp\/v2\/pages\/41","targetHints":{"allow":["GET"]}}],"collection":[{"href":"http:\/\/www.margaridacepeda.com\/2019\/wp-json\/wp\/v2\/pages"}],"about":[{"href":"http:\/\/www.margaridacepeda.com\/2019\/wp-json\/wp\/v2\/types\/page"}],"author":[{"embeddable":true,"href":"http:\/\/www.margaridacepeda.com\/2019\/wp-json\/wp\/v2\/users\/1"}],"replies":[{"embeddable":true,"href":"http:\/\/www.margaridacepeda.com\/2019\/wp-json\/wp\/v2\/comments?post=41"}],"version-history":[{"count":76,"href":"http:\/\/www.margaridacepeda.com\/2019\/wp-json\/wp\/v2\/pages\/41\/revisions"}],"predecessor-version":[{"id":646,"href":"http:\/\/www.margaridacepeda.com\/2019\/wp-json\/wp\/v2\/pages\/41\/revisions\/646"}],"wp:attachment":[{"href":"http:\/\/www.margaridacepeda.com\/2019\/wp-json\/wp\/v2\/media?parent=41"}],"curies":[{"name":"wp","href":"https:\/\/api.w.org\/{rel}","templated":true}]}}